{"id":2699,"date":"2025-06-27T14:07:04","date_gmt":"2025-06-27T12:07:04","guid":{"rendered":"https:\/\/mrpool.cz\/?page_id=2699"},"modified":"2025-07-07T17:55:26","modified_gmt":"2025-07-07T15:55:26","slug":"komparator-filtracnych-cerpadiel","status":"publish","type":"page","link":"https:\/\/mrpool.cz\/sk\/srovnavac-filtracnich-cerpadel\/","title":{"rendered":"Kompar\u00e1tor filtra\u010dn\u00e9ho \u010derpadla"},"content":{"rendered":"<section class=\"bde-section-2699-100 bde-section\">\n  \n  \n\t\n\n\n\n<div class=\"section-container\"><h1 class=\"bde-heading-2699-101 bde-heading\">\nKompar\u00e1tor filtra\u010dn\u00e9ho \u010derpadla\n<\/h1><\/div>\n<\/section><section class=\"bde-section-2699-102 bde-section\">\n  \n  \n\t\n\n\n\n<div class=\"section-container\"><div class=\"bde-globalblock-2699-103 bde-globalblock\"><section class=\"bde-section-1984-100-1984-1 bde-section bde-section-1984-100\">\n  \n  \n\t\n\n\n\n<div class=\"section-container\"><div class=\"bde-shortcode-1984-101-1984-1 bde-shortcode bde-shortcode-1984-101\"><nav  aria-label=\"omrvinka\"><ol class=\"breadcrumb\" itemscope itemtype=\"https:\/\/schema.org\/BreadcrumbList\"><li class=\"breadcrumb-item active\" aria-current=\"page\" itemprop=\"itemListElement\" itemscope itemtype=\"https:\/\/schema.org\/ListItem\"><span itemprop=\"name\">\u0160tart<\/span><meta itemprop=\"position\" content=\"1\"><\/li><\/ol><\/nav><\/div><\/div>\n<\/section><\/div><\/div>\n<\/section><section class=\"bde-section-2699-106 bde-section\">\n  \n  \n\t\n\n\n\n<div class=\"section-container\"><div class=\"bde-columns-2699-107 bde-columns\"><div class=\"bde-column-2699-108 bde-column\">\n  \n  \n\t\n\n\n\n<h2 class=\"bde-heading-2699-109 bde-heading\">\nChcete to najlep\u0161ie - pre seba a svoj baz\u00e9n\n<\/h2><div class=\"bde-text-2699-110 bde-text\">\nVytvorte si z baz\u00e9na o\u00e1zu pohody. Inteligentn\u00e9 technol\u00f3gie z rodiny iGarden automaticky zabezpe\u010dia, aby bola voda v baz\u00e9ne v\u017edy kri\u0161t\u00e1\u013eovo \u010dist\u00e1 a pr\u00edjemne tepl\u00e1. <b>\u0160etr\u00ed \u010das a n\u00e1mahu<\/b> - a m\u00f4\u017eete si odd\u00fdchnu\u0165.\n<\/div>\n<\/div><div class=\"bde-column-2699-111 bde-column\">\n  \n  \n\t\n\n\n\n<img decoding=\"async\" class=\"bde-image2-2699-112 bde-image2\" src=\"https:\/\/mrpool.cz\/wp-content\/uploads\/2025\/05\/pooltechnika_logo-barevne-svetly-podklad.png\" alt=\"logo pooltechnics farebn\u00e9 svetl\u00e9 pozadie\" loading=\"lazy\" srcset=\"https:\/\/mrpool.cz\/wp-content\/uploads\/2025\/05\/pooltechnika_logo-barevne-svetly-podklad.png 1324w, https:\/\/mrpool.cz\/wp-content\/uploads\/2025\/05\/pooltechnika_logo-barevne-svetly-podklad-300x37.png 300w, https:\/\/mrpool.cz\/wp-content\/uploads\/2025\/05\/pooltechnika_logo-barevne-svetly-podklad-1024x128.png 1024w, https:\/\/mrpool.cz\/wp-content\/uploads\/2025\/05\/pooltechnika_logo-barevne-svetly-podklad-768x96.png 768w\" sizes=\"(max-width: 1324px) 100vw, 1324px\">\n<\/div><\/div><div class=\"bde-columns-2699-113 bde-columns\"><div class=\"bde-column-2699-114 bde-column\">\n  \n  \n\t\n\n\n\n<div class=\"bde-div-2699-115 bde-div\">\n  \n  \n\t\n\n\n\n<div class=\"bde-icon-2699-116 bde-icon\">\n\n    \n            <div class=\"bde-icon-icon breakdance-icon-atom\" >\n    \n                    <svg xmlns=\"http:\/\/www.w3.org\/2000\/svg\" viewbox=\"0 0 512 512\"><!--! Font Awesome Free 6.5.1 by @fontawesome - https:\/\/fontawesome.com License - https:\/\/fontawesome.com\/license\/free (Icons: CC BY 4.0, Fonts: SIL OFL 1.1, Code: MIT License) Copyright 2023 Fonticons, Inc. --><path d=\"M4.1 38.2C1.4 34.2 0 29.4 0 24.6C0 11 11 0 24.6 0H133.9c11.2 0 21.7 5.9 27.4 15.5l68.5 114.1c-48.2 6.1-91.3 28.6-123.4 61.9L4.1 38.2zm503.7 0L405.6 191.5c-32.1-33.3-75.2-55.8-123.4-61.9L350.7 15.5C356.5 5.9 366.9 0 378.1 0H487.4C501 0 512 11 512 24.6c0 4.8-1.4 9.6-4.1 13.6zM80 336a176 176 0 1 1 352 0A176 176 0 1 1 80 336zm184.4-94.9c-3.4-7-13.3-7-16.8 0l-22.4 45.4c-1.4 2.8-4 4.7-7 5.1L168 298.9c-7.7 1.1-10.7 10.5-5.2 16l36.3 35.4c2.2 2.2 3.2 5.2 2.7 8.3l-8.6 49.9c-1.3 7.6 6.7 13.5 13.6 9.9l44.8-23.6c2.7-1.4 6-1.4 8.7 0l44.8 23.6c6.9 3.6 14.9-2.2 13.6-9.9l-8.6-49.9c-.5-3 .5-6.1 2.7-8.3l36.3-35.4c5.6-5.4 2.5-14.8-5.2-16l-50.1-7.3c-3-.4-5.7-2.4-7-5.1l-22.4-45.4z\"\/><\/svg>\n        \n        \n        \n            <\/div>\n    \n\n\n<\/div><h3 class=\"bde-heading-2699-117 bde-heading\">\nPr\u00e9miov\u00e1 kvalita\n<\/h3><div class=\"bde-text-2699-118 bde-text\">\nDr\u017ete krok s dobou a vyu\u017eite tieto v\u00fdhody <b>najmodernej\u0161ej technol\u00f3gie<\/b>. Takej, ktor\u00e1 v\u00e1m u\u0161etr\u00ed pr\u00e1cu a n\u00e1klady. A ktor\u00fa m\u00f4\u017eete ovl\u00e1da\u0165 z mobiln\u00e9ho telef\u00f3nu.\n<\/div>\n<\/div>\n<\/div><div class=\"bde-column-2699-119 bde-column\">\n  \n  \n\t\n\n\n\n<div class=\"bde-div-2699-120 bde-div\">\n  \n  \n\t\n\n\n\n<div class=\"bde-icon-2699-121 bde-icon\">\n\n    \n            <div class=\"bde-icon-icon breakdance-icon-atom\" >\n    \n                    <svg xmlns=\"http:\/\/www.w3.org\/2000\/svg\" id=\"icon-quill\" viewbox=\"0 0 32 32\">\n<path d=\"M0 32c4-12 14.469-32 32-32-8.219 6.594-12 22-18 22s-6 0-6 0l-6 10h-2z\"\/>\n<\/svg>\n        \n        \n        \n            <\/div>\n    \n\n\n<\/div><h3 class=\"bde-heading-2699-122 bde-heading\">\nVe\u013emi tich\u00fd chod\n<\/h3><div class=\"bde-text-2699-123 bde-text\">\nV\u00e1\u0161 pokoj je pre n\u00e1s posv\u00e4tn\u00fd. Preto sa m\u00f4\u017eete spo\u013eahn\u00fa\u0165 na mimoriadne tich\u00fd chod produktov iGarden, o \u010dom sved\u010d\u00ed <b>Guinnessova kniha rekordov<\/b>.\n<\/div>\n<\/div>\n<\/div><div class=\"bde-column-2699-124 bde-column\">\n  \n  \n\t\n\n\n\n<div class=\"bde-div-2699-125 bde-div\">\n  \n  \n\t\n\n\n\n<div class=\"bde-icon-2699-126 bde-icon\">\n\n    \n            <div class=\"bde-icon-icon breakdance-icon-atom\" >\n    \n                    <svg xmlns=\"http:\/\/www.w3.org\/2000\/svg\" viewbox=\"0 0 576 512\"><!--! Font Awesome Free 6.5.1 by @fontawesome - https:\/\/fontawesome.com License - https:\/\/fontawesome.com\/license\/free (Icons: CC BY 4.0, Fonts: SIL OFL 1.1, Code: MIT License) Copyright 2023 Fonticons, Inc. --><path d=\"M128 127.7C128 74.9 170.9 32 223.7 32c48.3 0 89 36 95 83.9l1 8.2c2.2 17.5-10.2 33.5-27.8 35.7s-33.5-10.2-35.7-27.8l-1-8.2c-2-15.9-15.5-27.8-31.5-27.8c-17.5 0-31.7 14.2-31.7 31.7V224H384V127.7C384 74.9 426.9 32 479.7 32c48.3 0 89 36 95 83.9l1 8.2c2.2 17.5-10.2 33.5-27.8 35.7s-33.5-10.2-35.7-27.8l-1-8.2c-2-15.9-15.5-27.8-31.5-27.8c-17.5 0-31.7 14.2-31.7 31.7V361c-1.6 1-3.3 2-4.8 3.1c-18 12.4-40.1 20.3-59.2 20.3h0V288H192v96.5c-19 0-41.2-7.9-59.1-20.3c-1.6-1.1-3.2-2.2-4.9-3.1V127.7zM306.5 389.9C329 405.4 356.5 416 384 416c26.9 0 55.4-10.8 77.4-26.1l0 0c11.9-8.5 28.1-7.8 39.2 1.7c14.4 11.9 32.5 21 50.6 25.2c17.2 4 27.9 21.2 23.9 38.4s-21.2 27.9-38.4 23.9c-24.5-5.7-44.9-16.5-58.2-25C449.5 469.7 417 480 384 480c-31.9 0-60.6-9.9-80.4-18.9c-5.8-2.7-11.1-5.3-15.6-7.7c-4.5 2.4-9.7 5.1-15.6 7.7c-19.8 9-48.5 18.9-80.4 18.9c-33 0-65.5-10.3-94.5-25.8c-13.4 8.4-33.7 19.3-58.2 25c-17.2 4-34.4-6.7-38.4-23.9s6.7-34.4 23.9-38.4c18.1-4.2 36.2-13.3 50.6-25.2c11.1-9.4 27.3-10.1 39.2-1.7l0 0C136.7 405.2 165.1 416 192 416c27.5 0 55-10.6 77.5-26.1c11.1-7.9 25.9-7.9 37 0z\"\/><\/svg>\n        \n        \n        \n            <\/div>\n    \n\n\n<\/div><h3 class=\"bde-heading-2699-127 bde-heading\">\nNajvy\u0161\u0161ia \u00fa\u010dinnos\u0165\n<\/h3><div class=\"bde-text-2699-128 bde-text\">\nRadi pracujeme efekt\u00edvne - preto v\u00e1m technol\u00f3gie iGarden pon\u00fakaj\u00fa ove\u013ea viac <b>ni\u017e\u0161ia spotreba a vy\u0161\u0161ia \u00fa\u010dinnos\u0165<\/b> ako be\u017en\u00e9 v\u00fdrobky.\n<\/div>\n<\/div>\n<\/div><div class=\"bde-column-2699-129 bde-column\">\n  \n  \n\t\n\n\n\n<div class=\"bde-div-2699-130 bde-div\">\n  \n  \n\t\n\n\n\n<a class=\"bde-container-link-2699-131 bde-container-link hover--slide-top-right bde-preset-e8e74754-5c2d-48aa-a143-00fe6522ee1f breakdance-link\" href=\"https:\/\/mrpool.cz\/sk\/lp\/bazenovy-poradca\/\" target=\"_self\" data-type=\"url\">\n  \n  \n\t\n\n\n\n<span class=\"bde-text-2699-132 bde-text\">\nPomoc pri v\u00fdbere\n<\/span><div class=\"bde-icon-2699-133 bde-icon\">\n\n    \n            <div class=\"bde-icon-icon breakdance-icon-atom\" >\n    \n                    <svg xmlns=\"http:\/\/www.w3.org\/2000\/svg\" id=\"icon-arrow-up-right2\" viewbox=\"0 0 32 32\">\n<path d=\"M7.414 27.414l16.586-16.586v7.172c0 1.105 0.895 2 2 2s2-0.895 2-2v-12c0-0.809-0.487-1.538-1.235-1.848-0.248-0.103-0.508-0.151-0.765-0.151v-0.001h-12c-1.105 0-2 0.895-2 2s0.895 2 2 2h7.172l-16.586 16.586c-0.391 0.39-0.586 0.902-0.586 1.414s0.195 1.024 0.586 1.414c0.781 0.781 2.047 0.781 2.828 0z\"\/>\n<\/svg>\n        \n        \n        \n            <\/div>\n    \n\n\n<\/div>\n\n<\/a>\n<\/div><a class=\"bde-text-link-2699-134 bde-text-link breakdance-link\" href=\"https:\/\/mrpool.cz\/sk\/kontakt\/\" target=\"_self\" data-type=\"url\">\n  Nap\u00ed\u0161te n\u00e1m\n\n<\/a>\n<\/div><\/div><\/div>\n<\/section><section class=\"bde-section-2699-135 bde-section\">\n  \n  \n\t\n\n\n\n<div class=\"section-container\"><h2 class=\"bde-heading-2699-136 bde-heading\">\nPorovnanie filtra\u010dn\u00fdch \u010derpadiel\n<\/h2><div class=\"bde-shortcode-2699-137 bde-shortcode\"><div id=\"footable_parent_2698\"\n         class=\"footable_parent ninja_table_wrapper loading_ninja_table wp_table_data_press_parent semantic_ui\">\n                <table data-ninja_table_instance=\"ninja_table_instance_0\" data-footable_id=\"2698\" data-filter-delay=\"1000\" aria-label=\"Filtra\u010dn\u00e9 \u010derpadl\u00e1\"            id=\"footable_2698\"\n           data-unique_identifier=\"ninja_table_unique_id_4265451640_2698\"\n           class=\"foo-table ninja_footable foo_table_2698 ninja_table_unique_id_4265451640_2698 ui table  ninja_search_right nt_type_legacy_table single line selectable celled striped vertical_centered  footable-paging-right ninja_table_search_disabled ninja_table_pro\">\n                <colgroup>\n                            <col class=\"ninja_column_0\">\n                            <col class=\"ninja_column_1\">\n                            <col class=\"ninja_column_2\">\n                            <col class=\"ninja_column_3\">\n                            <col class=\"ninja_column_4\">\n                            <col class=\"ninja_column_5\">\n                            <col class=\"ninja_column_6\">\n                    <\/colgroup>\n        <thead>\n<tr class=\"footable-header\">\n                                                                                                <th scope=\"col\"  class=\"ninja_column_0 ninja_clmn_nm_ninja_column_1 table-title\"><\/th><th scope=\"col\" colspan=\"3\" class=\"ninja_column_1 ninja_clmn_nm_mrpumpeco\"><a href=\"https:\/\/mrpool.cz\/sk\/mr-pump-eco-invertorove-cerpadlo\/\"><img decoding=\"async\" src=\"https:\/\/mrpool.cz\/wp-content\/uploads\/2024\/11\/mr.pump-eco-300x300.png\" alt=\"mr.pump eco\" width=\"194\" height=\"194\" class=\"alignnone  wp-image-454\" srcset=\"https:\/\/mrpool.cz\/wp-content\/uploads\/2024\/11\/mr.pump-eco-300x300.png 300w, https:\/\/mrpool.cz\/wp-content\/uploads\/2024\/11\/mr.pump-eco-1024x1024.png 1024w, https:\/\/mrpool.cz\/wp-content\/uploads\/2024\/11\/mr.pump-eco-150x150.png 150w, https:\/\/mrpool.cz\/wp-content\/uploads\/2024\/11\/mr.pump-eco-768x768.png 768w, https:\/\/mrpool.cz\/wp-content\/uploads\/2024\/11\/mr.pump-eco.png 1080w\" sizes=\"(max-width: 194px) 100vw, 194px\" \/><\/a>\n<h3 style=\"text-align: center\"><a href=\"https:\/\/mrpool.cz\/sk\/mr-pump-eco-invertorove-cerpadlo\/\">Mr.Pump ECO<\/a><\/h3><\/th><td class=\"ninja_temp_cell\"><\/td><td class=\"ninja_temp_cell\"><\/td><th scope=\"col\" colspan=\"2\" class=\"ninja_column_4 ninja_clmn_nm_inverpro\"><a href=\"https:\/\/mrpool.cz\/sk\/filtracne-cerpadlo-inverpro\/\"><img decoding=\"async\" src=\"https:\/\/mrpool.cz\/wp-content\/uploads\/2024\/12\/inverpro-product-4-300x240.png\" alt=\"produkt inverpro 4\" width=\"208\" height=\"166\" class=\"alignnone  wp-image-1102\" srcset=\"https:\/\/mrpool.cz\/wp-content\/uploads\/2024\/12\/inverpro-product-4-300x240.png 300w, https:\/\/mrpool.cz\/wp-content\/uploads\/2024\/12\/inverpro-product-4-768x614.png 768w, https:\/\/mrpool.cz\/wp-content\/uploads\/2024\/12\/inverpro-product-4.png 800w\" sizes=\"(max-width: 208px) 100vw, 208px\" \/><\/a>\n<h3 style=\"text-align: center\"><a href=\"https:\/\/mrpool.cz\/sk\/filtracne-cerpadlo-inverpro\/\">InverPro<\/a><\/h3><\/th><td class=\"ninja_temp_cell\"><\/td><th scope=\"col\"  class=\"ninja_column_6 ninja_clmn_nm_mrmaster\"><a href=\"https:\/\/mrpool.cz\/sk\/mr-master-invertorove-cerpadlo\/\"><img decoding=\"async\" src=\"https:\/\/mrpool.cz\/wp-content\/uploads\/2024\/11\/invertermaster-300x300.png\" alt=\"invertermaster\" width=\"190\" height=\"190\" class=\"alignnone  wp-image-456\" srcset=\"https:\/\/mrpool.cz\/wp-content\/uploads\/2024\/11\/invertermaster-300x300.png 300w, https:\/\/mrpool.cz\/wp-content\/uploads\/2024\/11\/invertermaster-1024x1024.png 1024w, https:\/\/mrpool.cz\/wp-content\/uploads\/2024\/11\/invertermaster-150x150.png 150w, https:\/\/mrpool.cz\/wp-content\/uploads\/2024\/11\/invertermaster-768x768.png 768w, https:\/\/mrpool.cz\/wp-content\/uploads\/2024\/11\/invertermaster.png 1080w\" sizes=\"(max-width: 190px) 100vw, 190px\" \/><\/a>\n<h3 style=\"text-align: center\"><a href=\"https:\/\/mrpool.cz\/sk\/mr-master-invertorove-cerpadlo\/\">Mr.Master<\/a><\/h3><\/th><\/tr>\n<\/thead>\n<tbody>\n\n        <tr data-row_id=\"101\" class=\"ninja_table_row_0 nt_row_id_101\">\n            <td><\/td><td><b>DE14<\/b><\/td><td><b>DE18<\/b><\/td><td><b>DE22<\/b><\/td><td><b>IP25<\/b><\/td><td><b>IP30<\/b><\/td><td><b>IM25<\/b><\/td>        <\/tr>\n            <tr data-row_id=\"102\" class=\"ninja_table_row_1 nt_row_id_102\">\n            <td>Odpor\u00fa\u010dan\u00fd objem baz\u00e9na<\/td><td>20-40<\/td><td>30-50<\/td><td>40-70<\/td><td>40-70<\/td><td>60-90<\/td><td>40-70<\/td>        <\/tr>\n            <tr data-row_id=\"103\" class=\"ninja_table_row_2 nt_row_id_103\">\n            <td>Hladina hluku (dB)<\/td><td colspan=\"3\">36<\/td><td class=\"ninja_temp_cell\" data-colspan=\"#colspan#\"><\/td><td class=\"ninja_temp_cell\" data-colspan=\"#colspan#\"><\/td><td colspan=\"2\">36<\/td><td class=\"ninja_temp_cell\" data-colspan=\"#colspan#\"><\/td><td>30<\/td>        <\/tr>\n            <tr data-row_id=\"104\" class=\"ninja_table_row_3 nt_row_id_104\">\n            <td>Pr\u00edkon (kW)<\/td><td>0.60<\/td><td>0.75<\/td><td>1,00<\/td><td>1.05<\/td><td>1.40<\/td><td>1.10<\/td>        <\/tr>\n            <tr data-row_id=\"105\" class=\"ninja_table_row_4 nt_row_id_105\">\n            <td>Nap\u00e1janie<\/td><td colspan=\"3\">220-240 V 50\/60 Hz<\/td><td class=\"ninja_temp_cell\" data-colspan=\"#colspan#\"><\/td><td class=\"ninja_temp_cell\" data-colspan=\"#colspan#\"><\/td><td colspan=\"2\">220-240 V 50\/60 Hz<\/td><td class=\"ninja_temp_cell\" data-colspan=\"#colspan#\"><\/td><td>220-240 V 50\/60 Hz<\/td>        <\/tr>\n            <tr data-row_id=\"106\" class=\"ninja_table_row_5 nt_row_id_106\">\n            <td>Nastavite\u013en\u00fd prietok (%)<\/td><td colspan=\"3\">30 - 100<\/td><td class=\"ninja_temp_cell\" data-colspan=\"#colspan#\"><\/td><td class=\"ninja_temp_cell\" data-colspan=\"#colspan#\"><\/td><td colspan=\"2\">30 - 120<\/td><td class=\"ninja_temp_cell\" data-colspan=\"#colspan#\"><\/td><td>30 -120<\/td>        <\/tr>\n            <tr data-row_id=\"107\" class=\"ninja_table_row_6 nt_row_id_107\">\n            <td>Maxim\u00e1lny prietok (m\u00b3\/h)<\/td><td>18.0<\/td><td>21.0<\/td><td>25.5<\/td><td>27.0<\/td><td>29.5<\/td><td>28<\/td>        <\/tr>\n            <tr data-row_id=\"108\" class=\"ninja_table_row_7 nt_row_id_108\">\n            <td>Maxim\u00e1lny posun (m)<\/td><td>14.0<\/td><td>16.0<\/td><td>18.0<\/td><td>20.0<\/td><td>21.0<\/td><td>20.0<\/td>        <\/tr>\n            <tr data-row_id=\"109\" class=\"ninja_table_row_8 nt_row_id_109\">\n            <td>Cirkula\u010dn\u00fd prietok (m\u00b3\/h) - 10m<\/td><td>9.0<\/td><td>14.0<\/td><td>18.0<\/td><td>21.0<\/td><td>24.5<\/td><td>21.5<\/td>        <\/tr>\n            <tr data-row_id=\"110\" class=\"ninja_table_row_9 nt_row_id_110\">\n            <td>Cirkula\u010dn\u00fd prietok (m\u00b3\/h) - 8m<\/td><td>14.0<\/td><td>18.0<\/td><td>22.0<\/td><td>26.5<\/td><td>29.5<\/td><td>25.0<\/td>        <\/tr>\n            <tr data-row_id=\"111\" class=\"ninja_table_row_10 nt_row_id_111\">\n            <td>Rozmery mm (\u0161\u00edrka x h\u013abka x v\u00fd\u0161ka)<\/td><td colspan=\"3\">544x226x274<\/td><td class=\"ninja_temp_cell\" data-colspan=\"#colspan#\"><\/td><td class=\"ninja_temp_cell\" data-colspan=\"#colspan#\"><\/td><td colspan=\"2\">606,5x229x297<\/td><td class=\"ninja_temp_cell\" data-colspan=\"#colspan#\"><\/td><td>535x246x305<\/td>        <\/tr>\n            <tr data-row_id=\"112\" class=\"ninja_table_row_11 nt_row_id_112\">\n            <td>Pr\u00edpojka pr\u00edvodu\/odvodu vody (mm)<\/td><td colspan=\"3\">48,5\/50\/60,3\/63<\/td><td class=\"ninja_temp_cell\" data-colspan=\"#colspan#\"><\/td><td class=\"ninja_temp_cell\" data-colspan=\"#colspan#\"><\/td><td colspan=\"2\">48,5\/50\/60,3\/63<\/td><td class=\"ninja_temp_cell\" data-colspan=\"#colspan#\"><\/td><td>48,5\/50\/60,3\/63<\/td>        <\/tr>\n            <tr data-row_id=\"113\" class=\"ninja_table_row_12 nt_row_id_113\">\n            <td>Prev\u00e1dzkov\u00e1 teplota okolit\u00e9ho vzduchu<\/td><td colspan=\"3\">-10\u2103 ~ 42\u2103<\/td><td class=\"ninja_temp_cell\" data-colspan=\"#colspan#\"><\/td><td class=\"ninja_temp_cell\" data-colspan=\"#colspan#\"><\/td><td colspan=\"2\">-10\u2103 ~ 42\u2103<\/td><td class=\"ninja_temp_cell\" data-colspan=\"#colspan#\"><\/td><td>-10\u2103 ~ 42\u2103<\/td>        <\/tr>\n            <tr data-row_id=\"114\" class=\"ninja_table_row_13 nt_row_id_114\">\n            <td>Teplota vody<\/td><td colspan=\"3\">5\u2103 ~ 50\u2103<\/td><td class=\"ninja_temp_cell\" data-colspan=\"#colspan#\"><\/td><td class=\"ninja_temp_cell\" data-colspan=\"#colspan#\"><\/td><td colspan=\"2\">5\u2103 ~ 50\u2103<\/td><td class=\"ninja_temp_cell\" data-colspan=\"#colspan#\"><\/td><td>5\u2103 ~ 50\u2103<\/td>        <\/tr>\n            <tr data-row_id=\"115\" class=\"ninja_table_row_14 nt_row_id_115\">\n            <td>Pre slan\u00fa vodu<\/td><td colspan=\"3\">\u00c1no (do 0,5%, t. j. 5 kg\/m\u00b3)<\/td><td class=\"ninja_temp_cell\" data-colspan=\"#colspan#\"><\/td><td class=\"ninja_temp_cell\" data-colspan=\"#colspan#\"><\/td><td colspan=\"2\">\u00c1no (do 0,5%, t. j. 5 kg\/m\u00b3)<\/td><td class=\"ninja_temp_cell\" data-colspan=\"#colspan#\"><\/td><td>\u00c1no (do 0,5%, t. j. 5 kg\/m\u00b3)<\/td>        <\/tr>\n            <tr data-row_id=\"116\" class=\"ninja_table_row_15 nt_row_id_116\">\n            <td>Ochrana<\/td><td colspan=\"3\">Trieda F, IP55<\/td><td class=\"ninja_temp_cell\" data-colspan=\"#colspan#\"><\/td><td class=\"ninja_temp_cell\" data-colspan=\"#colspan#\"><\/td><td colspan=\"2\">Trieda F, IP55<\/td><td class=\"ninja_temp_cell\" data-colspan=\"#colspan#\"><\/td><td>Trieda F, IP55<\/td>        <\/tr>\n            <tr data-row_id=\"117\" class=\"ninja_table_row_16 nt_row_id_117\">\n            <td>Vlhkos\u0165 prostredia<\/td><td colspan=\"3\">\u226490% RH, \uff0820\u2103\u00b12\u2103\uff09<\/td><td class=\"ninja_temp_cell\" data-colspan=\"#colspan#\"><\/td><td class=\"ninja_temp_cell\" data-colspan=\"#colspan#\"><\/td><td colspan=\"2\">\u226490% RH, \uff0820\u2103\u00b12\u2103\uff09<\/td><td class=\"ninja_temp_cell\" data-colspan=\"#colspan#\"><\/td><td>\u226490% RH, \uff0820\u2103\u00b12\u2103\uff09<\/td>        <\/tr>\n            <tr data-row_id=\"118\" class=\"ninja_table_row_17 nt_row_id_118\">\n            <td>In\u0161tal\u00e1cia<\/td><td colspan=\"3\">max. 2 m nad povrchom<\/td><td class=\"ninja_temp_cell\" data-colspan=\"#colspan#\"><\/td><td class=\"ninja_temp_cell\" data-colspan=\"#colspan#\"><\/td><td colspan=\"2\">max. 2 m nad povrchom<\/td><td class=\"ninja_temp_cell\" data-colspan=\"#colspan#\"><\/td><td>max. 2 m nad povrchom<\/td>        <\/tr>\n            <tr data-row_id=\"119\" class=\"ninja_table_row_18 nt_row_id_119\">\n            <td>Aplik\u00e1cie Wi-Fi<\/td><td colspan=\"3\">Nie<\/td><td class=\"ninja_temp_cell\" data-colspan=\"#colspan#\"><\/td><td class=\"ninja_temp_cell\" data-colspan=\"#colspan#\"><\/td><td colspan=\"2\">\u00c1no<\/td><td class=\"ninja_temp_cell\" data-colspan=\"#colspan#\"><\/td><td>\u00c1no<\/td>        <\/tr>\n            <tr data-row_id=\"120\" class=\"ninja_table_row_19 nt_row_id_120\">\n            <td>Modbus 485<\/td><td colspan=\"3\">\u00c1no<\/td><td class=\"ninja_temp_cell\" data-colspan=\"#colspan#\"><\/td><td class=\"ninja_temp_cell\" data-colspan=\"#colspan#\"><\/td><td colspan=\"2\">\u00c1no<\/td><td class=\"ninja_temp_cell\" data-colspan=\"#colspan#\"><\/td><td>\u00c1no<\/td>        <\/tr>\n            <tr data-row_id=\"121\" class=\"ninja_table_row_20 nt_row_id_121\">\n            <td>Zobrazenie produktu<\/td><td colspan=\"3\"><b><a href=\"https:\/\/mrpool.cz\/sk\/mr-pump-eco-invertorove-cerpadlo\/\">Prejs\u0165 na produkt<\/a><\/b><\/td><td class=\"ninja_temp_cell\" data-colspan=\"#colspan#\"><\/td><td class=\"ninja_temp_cell\" data-colspan=\"#colspan#\"><\/td><td colspan=\"2\"><b><a href=\"https:\/\/mrpool.cz\/sk\/filtracne-cerpadlo-inverpro\/\">Prejs\u0165 na produkt<\/a><\/b><\/td><td class=\"ninja_temp_cell\" data-colspan=\"#colspan#\"><\/td><td><b><a href=\"https:\/\/mrpool.cz\/sk\/mr-master-invertorove-cerpadlo\/\">Prejs\u0165 na produkt<\/a><\/b><\/td>        <\/tr>\n    <\/tbody><!--ninja_tobody_rendering_done-->\n    <\/table>\n    \n    \n    \n<\/div>\n<\/div><\/div>\n<\/section><section class=\"bde-section-2699-138 bde-section\">\n  \n  \n\t\n\n\n\n<div class=\"section-container\"><div class=\"bde-columns-2699-139 bde-columns\"><div class=\"bde-column-2699-140 bde-column\">\n  \n  \n\t\n\n\n\n<img decoding=\"async\" class=\"bde-image2-2699-141 bde-image2\" src=\"https:\/\/mrpool.cz\/wp-content\/uploads\/2025\/06\/filtracni-cerpadla-igarden-1024x683.jpeg\" alt=\"zrel\u00e1 \u017eena h\u00e1d\u017ee loptu so synom a dc\u00e9rou v baz\u00e9ne\" loading=\"lazy\" srcset=\"https:\/\/mrpool.cz\/wp-content\/uploads\/2025\/06\/filtracni-cerpadla-igarden-1024x683.jpeg 1024w, https:\/\/mrpool.cz\/wp-content\/uploads\/2025\/06\/filtracni-cerpadla-igarden-300x200.jpeg 300w, https:\/\/mrpool.cz\/wp-content\/uploads\/2025\/06\/filtracni-cerpadla-igarden-768x512.jpeg 768w, https:\/\/mrpool.cz\/wp-content\/uploads\/2025\/06\/filtracni-cerpadla-igarden-1536x1024.jpeg 1536w, https:\/\/mrpool.cz\/wp-content\/uploads\/2025\/06\/filtracni-cerpadla-igarden-2048x1365.jpeg 2048w\" sizes=\"(max-width: 1024px) 100vw, 1024px\">\n<\/div><div class=\"bde-column-2699-142 bde-column\">\n  \n  \n\t\n\n\n\n<div class=\"bde-div-2699-143 bde-div\">\n  \n  \n\t\n\n\n\n<div class=\"bde-div-2699-144 bde-div\">\n  \n  \n\t\n\n\n\n<img decoding=\"async\" class=\"bde-image2-2699-145 bde-image2\" src=\"https:\/\/mrpool.cz\/wp-content\/uploads\/2025\/05\/igarden-aquagem-logo_black-300x128.png\" alt=\"igarden aquagem logo \u010dierna\" loading=\"lazy\" srcset=\"https:\/\/mrpool.cz\/wp-content\/uploads\/2025\/05\/igarden-aquagem-logo_black-300x128.png 300w, https:\/\/mrpool.cz\/wp-content\/uploads\/2025\/05\/igarden-aquagem-logo_black-1024x436.png 1024w, https:\/\/mrpool.cz\/wp-content\/uploads\/2025\/05\/igarden-aquagem-logo_black-768x327.png 768w, https:\/\/mrpool.cz\/wp-content\/uploads\/2025\/05\/igarden-aquagem-logo_black-1536x653.png 1536w, https:\/\/mrpool.cz\/wp-content\/uploads\/2025\/05\/igarden-aquagem-logo_black-2048x871.png 2048w\" sizes=\"(max-width: 300px) 100vw, 300px\"><img decoding=\"async\" class=\"bde-image2-2699-146 bde-image2\" src=\"https:\/\/mrpool.cz\/wp-content\/uploads\/2025\/05\/igarden-aquark-logo_black-300x122.png\" alt=\"logo igarden aquark \u010dierne\" loading=\"lazy\" srcset=\"https:\/\/mrpool.cz\/wp-content\/uploads\/2025\/05\/igarden-aquark-logo_black-300x122.png 300w, https:\/\/mrpool.cz\/wp-content\/uploads\/2025\/05\/igarden-aquark-logo_black-1024x418.png 1024w, https:\/\/mrpool.cz\/wp-content\/uploads\/2025\/05\/igarden-aquark-logo_black-768x314.png 768w, https:\/\/mrpool.cz\/wp-content\/uploads\/2025\/05\/igarden-aquark-logo_black-1536x627.png 1536w, https:\/\/mrpool.cz\/wp-content\/uploads\/2025\/05\/igarden-aquark-logo_black-2048x836.png 2048w\" sizes=\"(max-width: 300px) 100vw, 300px\">\n<\/div><div class=\"bde-text-2699-147 bde-text\">\nPos\u00favame hranice mo\u017enost\u00ed\n<\/div><h2 class=\"bde-heading-2699-148 bde-heading\">\nTechnol\u00f3gia baz\u00e9na, ktor\u00e1 v\u00e1m vyhovuje\n<\/h2><div class=\"bde-text-2699-149 bde-text\">\nObjavte najnov\u0161iu baz\u00e9nov\u00fa technol\u00f3giu, ktor\u00e1 v\u00e1m vyhovuje. Pr\u00e1ve o tom je rodina rie\u0161en\u00ed iGarden. <b>Automatizuj\u00fa mnoh\u00e9 \u010dinnosti<\/b>, ktor\u00e9 ste robili ru\u010dne. A u\u0161etr\u00ed v\u00e1m to ve\u013ea \u010dasu.<br><br>Kvalitu rie\u0161en\u00ed iGarden Aquagem a iGarden Aquark potvrdzuje nielen ich \u0161pi\u010dkov\u00e1 \u00fa\u010dinnos\u0165 alebo nieko\u013eko z\u00e1pisov v Guinnessovej knihe rekordov, ale aj <b>viac ako 10 patentov<\/b>.<br><br>S produktmi iGarden budete ma\u0165 <b>v\u017edy najlep\u0161ie<\/b>!\n<\/div>\n<\/div>\n<\/div><\/div><\/div>\n<\/section>","protected":false},"excerpt":{"rendered":"<p>Srovn\u00e1va\u010d filtra\u010dn\u00edch \u010derpadel Start Cht\u011bjte to nejlep\u0161\u00ed \u2013 pro sebe i pro sv\u016fj baz\u00e9n Vytvo\u0159te si z baz\u00e9nu o\u00e1zu pohody. Chytr\u00e9 technologie z rodiny iGarden se automaticky postaraj\u00ed o to, aby voda v baz\u00e9nu byla v\u017edy pr\u016fzra\u010dn\u011b \u010dist\u00e1 a p\u0159\u00edjemn\u011b tepl\u00e1. U\u0161et\u0159\u00ed v\u00e1m tak \u010das i starosti \u2013 a m\u016f\u017eete jen relaxovat. Premiov\u00e1 kvalita Dr\u017ete [&hellip;]<\/p>\n","protected":false},"author":1,"featured_media":0,"parent":0,"menu_order":0,"comment_status":"closed","ping_status":"closed","template":"","meta":{"_acf_changed":false,"_seopress_robots_primary_cat":"","_seopress_titles_title":"","_seopress_titles_desc":"","_seopress_robots_index":"","_breakdance_hide_in_design_set":false,"_breakdance_tags":"","footnotes":""},"class_list":["post-2699","page","type-page","status-publish","hentry"],"acf":[],"_links":{"self":[{"href":"https:\/\/mrpool.cz\/sk\/wp-json\/wp\/v2\/pages\/2699","targetHints":{"allow":["GET"]}}],"collection":[{"href":"https:\/\/mrpool.cz\/sk\/wp-json\/wp\/v2\/pages"}],"about":[{"href":"https:\/\/mrpool.cz\/sk\/wp-json\/wp\/v2\/types\/page"}],"author":[{"embeddable":true,"href":"https:\/\/mrpool.cz\/sk\/wp-json\/wp\/v2\/users\/1"}],"replies":[{"embeddable":true,"href":"https:\/\/mrpool.cz\/sk\/wp-json\/wp\/v2\/comments?post=2699"}],"version-history":[{"count":0,"href":"https:\/\/mrpool.cz\/sk\/wp-json\/wp\/v2\/pages\/2699\/revisions"}],"wp:attachment":[{"href":"https:\/\/mrpool.cz\/sk\/wp-json\/wp\/v2\/media?parent=2699"}],"curies":[{"name":"wp","href":"https:\/\/api.w.org\/{rel}","templated":true}]}}