{"id":2820,"date":"2025-08-17T14:14:27","date_gmt":"2025-08-17T12:14:27","guid":{"rendered":"https:\/\/mrpool.cz\/?page_id=2820"},"modified":"2025-08-26T17:59:22","modified_gmt":"2025-08-26T15:59:22","slug":"udalosti","status":"publish","type":"page","link":"https:\/\/mrpool.cz\/sk\/udalosti\/","title":{"rendered":"Podujatia"},"content":{"rendered":"<section class=\"bde-section-2820-100 bde-section\">\n              \n  \n  \n\t    \n      <div class=\"section-background-video\">\n              <video\n          autoplay\n muted\n loop\n poster=\"https:\/\/mrpool.cz\/wp-content\/uploads\/2025\/08\/fallback-v2-scaled.png\"\n                >\n        <source src=\"https:\/\/mrpool.cz\/wp-content\/uploads\/2025\/08\/udalosti.mp4\" type=\"video\/mp4\" \/>\n      <\/video>\n      <\/div>\n\n\n  <div class=\"section-background-overlay\"><\/div>\n\n\n<div class=\"section-container\"><h1 class=\"bde-heading-2820-101 bde-heading\">\nPodujatia\n<\/h1><\/div>\n<\/section><section class=\"bde-section-2820-102 bde-section\">\n  \n  \n\t\n\n\n\n<div class=\"section-container\"><div class=\"bde-shortcode-2820-103 bde-shortcode\"><nav  aria-label=\"omrvinka\"><ol class=\"breadcrumb\" itemscope itemtype=\"https:\/\/schema.org\/BreadcrumbList\"><li class=\"breadcrumb-item active\" aria-current=\"page\" itemprop=\"itemListElement\" itemscope itemtype=\"https:\/\/schema.org\/ListItem\"><span itemprop=\"name\">\u0160tart<\/span><meta itemprop=\"position\" content=\"1\"><\/li><\/ol><\/nav><\/div><\/div>\n<\/section><section class=\"bde-section-2820-104 bde-section\">\n  \n  \n\t\n\n\n\n<div class=\"section-container\"><div class=\"bde-post-loop-2820-208 bde-post-loop\"><div class=\"bde-loop bde-loop-list ee-posts ee-posts-list\">    <article class=\"bde-loop-item ee-post\">\n        <a class=\"bde-container-link-2908-126-3576-2908-1 bde-container-link bde-container-link-2908-126 breakdance-link\" href=\"https:\/\/mrpool.cz\/sk\/udalost\/stavebni-veletrh-brno\/\" target=\"_self\" data-type=\"url\">\n  \n  \n\t\n\n\n\n<div class=\"bde-columns-2908-100-3576-2908-1 bde-columns event-card bde-columns-2908-100\"><div class=\"bde-column-2908-101-3576-2908-1 bde-column event-card__media bde-column-2908-101\">\n  \n  \n\t\n\n\n\n<img decoding=\"async\" class=\"bde-image2-2908-102-3576-2908-1 bde-image2 bde-image2-2908-102\" src=\"https:\/\/mrpool.cz\/wp-content\/uploads\/2025\/01\/img_5038-300x225.jpg\" alt=\"Obr\u00e1zok 5038\" loading=\"lazy\" srcset=\"https:\/\/mrpool.cz\/wp-content\/uploads\/2025\/01\/img_5038-300x225.jpg 300w, https:\/\/mrpool.cz\/wp-content\/uploads\/2025\/01\/img_5038-1024x768.jpg 1024w, https:\/\/mrpool.cz\/wp-content\/uploads\/2025\/01\/img_5038-768x576.jpg 768w, https:\/\/mrpool.cz\/wp-content\/uploads\/2025\/01\/img_5038-1536x1152.jpg 1536w, https:\/\/mrpool.cz\/wp-content\/uploads\/2025\/01\/img_5038-2048x1536.jpg 2048w, https:\/\/mrpool.cz\/wp-content\/uploads\/2025\/01\/img_5038-16x12.jpg 16w\" sizes=\"(max-width: 300px) 100vw, 300px\">\n<\/div><div class=\"bde-column-2908-103-3576-2908-1 bde-column event-card__details bde-column-2908-103\">\n  \n  \n\t\n\n\n\n<div class=\"bde-div-2908-104-3576-2908-1 bde-div bde-div-2908-104\">\n  \n  \n\t\n\n\n\n<div class=\"bde-div-2908-105-3576-2908-1 bde-div bde-div-2908-105\">\n  \n  \n\t\n\n\n\n<h2 class=\"bde-heading-2908-114-3576-2908-1 bde-heading event-card__title bde-heading-2908-114\">\nKON\u0160TRUK\u010cN\u00dd VELETRH BRNO Nav\u0161t\u00edvte n\u00e1s! Hala V\/101 25. - 28. marca 2026\n<\/h2><div class=\"bde-div-2908-115-3576-2908-1 bde-div bde-div-2908-115\">\n  \n  \n\t\n\n\n\n<div class=\"bde-icon-2908-116-3576-2908-1 bde-icon bde-icon-2908-116\">\n\n    \n            <div class=\"bde-icon-icon breakdance-icon-atom\" >\n    \n                    <svg xmlns=\"http:\/\/www.w3.org\/2000\/svg\" viewbox=\"0 0 320 512\"><!--! Font Awesome Free 6.5.1 by @fontawesome - https:\/\/fontawesome.com License - https:\/\/fontawesome.com\/license\/free (Icons: CC BY 4.0, Fonts: SIL OFL 1.1, Code: MIT License) Copyright 2023 Fonticons, Inc. --><path d=\"M16 144a144 144 0 1 1 288 0A144 144 0 1 1 16 144zM160 80c8.8 0 16-7.2 16-16s-7.2-16-16-16c-53 0-96 43-96 96c0 8.8 7.2 16 16 16s16-7.2 16-16c0-35.3 28.7-64 64-64zM128 480V317.1c10.4 1.9 21.1 2.9 32 2.9s21.6-1 32-2.9V480c0 17.7-14.3 32-32 32s-32-14.3-32-32z\"\/><\/svg>\n        \n        \n        \n            <\/div>\n    \n\n\n<\/div><div class=\"bde-text-2908-117-3576-2908-1 bde-text bde-text-2908-117\">\nBVV Trade Fairs Brno, a. s., V\u00fdstavi\u0161t\u011b, Brno-st\u0159ed-Pis\u00e1rky, \u010cesk\u00e1 republika\n<\/div>\n<\/div>\n<\/div><div class=\"bde-div-2908-118-3576-2908-1 bde-div bde-div-2908-118\">\n  \n  \n\t\n\n\n\n<div class=\"bde-button-2908-119-3576-2908-1 bde-button bde-button-2908-119\">\n        \n    \n    \n    \n    \n            \n            <button type=\"button\" class=\"button-atom button-atom--secondary bde-button__button\"  >\n    \n        <span class=\"button-atom__text\">Zobrazi\u0165 udalos\u0165<\/span>\n\n        \n        \n            <\/button>\n    \n\n\n<\/div><div class=\"bde-div-2908-127-3576-2908-1 bde-div bde-div-2908-127\">\n  \n  \n\t\n\n\n\n<h3 class=\"bde-heading-2908-128-3576-2908-1 bde-heading bde-heading-2908-128\">\nNa koho sa m\u00f4\u017eete te\u0161i\u0165\n<\/h3><div class=\"bde-div-2908-129-3576-2908-1 bde-div bde-div-2908-129\">\n  \n  \n\t\n\n\n\n\n<\/div>\n<\/div>\n<\/div>\n<\/div>\n<\/div><\/div>\n\n<\/a>    <\/article>\n    <article class=\"bde-loop-item ee-post\">\n        <a class=\"bde-container-link-2908-126-3061-2908-1 bde-container-link bde-container-link-2908-126 breakdance-link\" href=\"https:\/\/mrpool.cz\/sk\/udalost\/predvadeci-akce-mr-jet-piestany\/\" target=\"_self\" data-type=\"url\">\n  \n  \n\t\n\n\n\n<div class=\"bde-columns-2908-100-3061-2908-1 bde-columns event-card bde-columns-2908-100\"><div class=\"bde-column-2908-101-3061-2908-1 bde-column event-card__media bde-column-2908-101\">\n  \n  \n\t\n\n\n\n<img decoding=\"async\" class=\"bde-image2-2908-102-3061-2908-1 bde-image2 bde-image2-2908-102\" src=\"https:\/\/mrpool.cz\/wp-content\/uploads\/2025\/10\/e_d_8192_01-300x246.jpg\" alt=\"e d 8192 01\" loading=\"lazy\" srcset=\"https:\/\/mrpool.cz\/wp-content\/uploads\/2025\/10\/e_d_8192_01.jpg 670w, https:\/\/mrpool.cz\/wp-content\/uploads\/2025\/10\/e_d_8192_01-300x246.jpg 300w\" sizes=\"(max-width: 300px) 100vw, 300px\">\n<\/div><div class=\"bde-column-2908-103-3061-2908-1 bde-column event-card__details bde-column-2908-103\">\n  \n  \n\t\n\n\n\n<div class=\"bde-div-2908-104-3061-2908-1 bde-div bde-div-2908-104\">\n  \n  \n\t\n\n\n\n<div class=\"bde-div-2908-105-3061-2908-1 bde-div bde-div-2908-105\">\n  \n  \n\t\n\n\n\n<h2 class=\"bde-heading-2908-114-3061-2908-1 bde-heading event-card__title bde-heading-2908-114\">\nUk\u00e1\u017eka p\u00e1na Jeta Pie\u0161\u0165any\n<\/h2><div class=\"bde-div-2908-115-3061-2908-1 bde-div bde-div-2908-115\">\n  \n  \n\t\n\n\n\n<div class=\"bde-icon-2908-116-3061-2908-1 bde-icon bde-icon-2908-116\">\n\n    \n            <div class=\"bde-icon-icon breakdance-icon-atom\" >\n    \n                    <svg xmlns=\"http:\/\/www.w3.org\/2000\/svg\" viewbox=\"0 0 320 512\"><!--! Font Awesome Free 6.5.1 by @fontawesome - https:\/\/fontawesome.com License - https:\/\/fontawesome.com\/license\/free (Icons: CC BY 4.0, Fonts: SIL OFL 1.1, Code: MIT License) Copyright 2023 Fonticons, Inc. --><path d=\"M16 144a144 144 0 1 1 288 0A144 144 0 1 1 16 144zM160 80c8.8 0 16-7.2 16-16s-7.2-16-16-16c-53 0-96 43-96 96c0 8.8 7.2 16 16 16s16-7.2 16-16c0-35.3 28.7-64 64-64zM128 480V317.1c10.4 1.9 21.1 2.9 32 2.9s21.6-1 32-2.9V480c0 17.7-14.3 32-32 32s-32-14.3-32-32z\"\/><\/svg>\n        \n        \n        \n            <\/div>\n    \n\n\n<\/div><div class=\"bde-text-2908-117-3061-2908-1 bde-text bde-text-2908-117\">\nHotel Park, N\u00e1bre\u017eie Ivana Krasku, Pie\u0161\u0165any, Slovensko\n<\/div>\n<\/div>\n<\/div><div class=\"bde-div-2908-118-3061-2908-1 bde-div bde-div-2908-118\">\n  \n  \n\t\n\n\n\n<div class=\"bde-button-2908-119-3061-2908-1 bde-button bde-button-2908-119\">\n        \n    \n    \n    \n    \n            \n            <button type=\"button\" class=\"button-atom button-atom--secondary bde-button__button\"  >\n    \n        <span class=\"button-atom__text\">Zobrazi\u0165 udalos\u0165<\/span>\n\n        \n        \n            <\/button>\n    \n\n\n<\/div><div class=\"bde-div-2908-127-3061-2908-1 bde-div bde-div-2908-127\">\n  \n  \n\t\n\n\n\n<h3 class=\"bde-heading-2908-128-3061-2908-1 bde-heading bde-heading-2908-128\">\nNa koho sa m\u00f4\u017eete te\u0161i\u0165\n<\/h3><div class=\"bde-div-2908-129-3061-2908-1 bde-div bde-div-2908-129\">\n  \n  \n\t\n\n\n\n\n<\/div>\n<\/div>\n<\/div>\n<\/div>\n<\/div><\/div>\n\n<\/a>    <\/article>\n    <article class=\"bde-loop-item ee-post\">\n        <a class=\"bde-container-link-2908-126-3031-2908-1 bde-container-link bde-container-link-2908-126 breakdance-link\" href=\"https:\/\/mrpool.cz\/sk\/udalost\/predvadeci-akce-mr-jet-praha\/\" target=\"_self\" data-type=\"url\">\n  \n  \n\t\n\n\n\n<div class=\"bde-columns-2908-100-3031-2908-1 bde-columns event-card bde-columns-2908-100\"><div class=\"bde-column-2908-101-3031-2908-1 bde-column event-card__media bde-column-2908-101\">\n  \n  \n\t\n\n\n\n<img decoding=\"async\" class=\"bde-image2-2908-102-3031-2908-1 bde-image2 bde-image2-2908-102\" src=\"https:\/\/mrpool.cz\/wp-content\/uploads\/2025\/09\/mr.jet-11-300x153.jpg\" alt=\"mr.jet (11)\" loading=\"lazy\" srcset=\"https:\/\/mrpool.cz\/wp-content\/uploads\/2025\/09\/mr.jet-11-300x153.jpg 300w, https:\/\/mrpool.cz\/wp-content\/uploads\/2025\/09\/mr.jet-11-1024x524.jpg 1024w, https:\/\/mrpool.cz\/wp-content\/uploads\/2025\/09\/mr.jet-11-768x393.jpg 768w, https:\/\/mrpool.cz\/wp-content\/uploads\/2025\/09\/mr.jet-11-1536x786.jpg 1536w, https:\/\/mrpool.cz\/wp-content\/uploads\/2025\/09\/mr.jet-11-2048x1048.jpg 2048w\" sizes=\"(max-width: 300px) 100vw, 300px\">\n<\/div><div class=\"bde-column-2908-103-3031-2908-1 bde-column event-card__details bde-column-2908-103\">\n  \n  \n\t\n\n\n\n<div class=\"bde-div-2908-104-3031-2908-1 bde-div bde-div-2908-104\">\n  \n  \n\t\n\n\n\n<div class=\"bde-div-2908-105-3031-2908-1 bde-div bde-div-2908-105\">\n  \n  \n\t\n\n\n\n<h2 class=\"bde-heading-2908-114-3031-2908-1 bde-heading event-card__title bde-heading-2908-114\">\nUk\u00e1\u017eka p\u00e1na Jet Praha\n<\/h2><div class=\"bde-div-2908-115-3031-2908-1 bde-div bde-div-2908-115\">\n  \n  \n\t\n\n\n\n<div class=\"bde-icon-2908-116-3031-2908-1 bde-icon bde-icon-2908-116\">\n\n    \n            <div class=\"bde-icon-icon breakdance-icon-atom\" >\n    \n                    <svg xmlns=\"http:\/\/www.w3.org\/2000\/svg\" viewbox=\"0 0 320 512\"><!--! Font Awesome Free 6.5.1 by @fontawesome - https:\/\/fontawesome.com License - https:\/\/fontawesome.com\/license\/free (Icons: CC BY 4.0, Fonts: SIL OFL 1.1, Code: MIT License) Copyright 2023 Fonticons, Inc. --><path d=\"M16 144a144 144 0 1 1 288 0A144 144 0 1 1 16 144zM160 80c8.8 0 16-7.2 16-16s-7.2-16-16-16c-53 0-96 43-96 96c0 8.8 7.2 16 16 16s16-7.2 16-16c0-35.3 28.7-64 64-64zM128 480V317.1c10.4 1.9 21.1 2.9 32 2.9s21.6-1 32-2.9V480c0 17.7-14.3 32-32 32s-32-14.3-32-32z\"\/><\/svg>\n        \n        \n        \n            <\/div>\n    \n\n\n<\/div><div class=\"bde-text-2908-117-3031-2908-1 bde-text bde-text-2908-117\">\nZd\u011bbradsk\u00e1 56, 251 01 Dob\u0159ejovice-Ja\u017elovice, \u010cesk\u00e1 republika\n<\/div>\n<\/div>\n<\/div><div class=\"bde-div-2908-118-3031-2908-1 bde-div bde-div-2908-118\">\n  \n  \n\t\n\n\n\n<div class=\"bde-button-2908-119-3031-2908-1 bde-button bde-button-2908-119\">\n        \n    \n    \n    \n    \n            \n            <button type=\"button\" class=\"button-atom button-atom--secondary bde-button__button\"  >\n    \n        <span class=\"button-atom__text\">Zobrazi\u0165 udalos\u0165<\/span>\n\n        \n        \n            <\/button>\n    \n\n\n<\/div><div class=\"bde-div-2908-127-3031-2908-1 bde-div bde-div-2908-127\">\n  \n  \n\t\n\n\n\n<h3 class=\"bde-heading-2908-128-3031-2908-1 bde-heading bde-heading-2908-128\">\nNa koho sa m\u00f4\u017eete te\u0161i\u0165\n<\/h3><div class=\"bde-div-2908-129-3031-2908-1 bde-div bde-div-2908-129\">\n  \n  \n\t\n\n\n\n\n<\/div>\n<\/div>\n<\/div>\n<\/div>\n<\/div><\/div>\n\n<\/a>    <\/article>\n    <article class=\"bde-loop-item ee-post\">\n        <a class=\"bde-container-link-2908-126-2975-2908-1 bde-container-link bde-container-link-2908-126 breakdance-link\" href=\"https:\/\/mrpool.cz\/sk\/udalost\/predvadeci-akce-mr-jet-brno\/\" target=\"_self\" data-type=\"url\">\n  \n  \n\t\n\n\n\n<div class=\"bde-columns-2908-100-2975-2908-1 bde-columns event-card bde-columns-2908-100\"><div class=\"bde-column-2908-101-2975-2908-1 bde-column event-card__media bde-column-2908-101\">\n  \n  \n\t\n\n\n\n<img decoding=\"async\" class=\"bde-image2-2908-102-2975-2908-1 bde-image2 bde-image2-2908-102\" src=\"https:\/\/mrpool.cz\/wp-content\/uploads\/2025\/08\/p-10-300x140.jpg\" alt=\"p (10)\" loading=\"lazy\" srcset=\"https:\/\/mrpool.cz\/wp-content\/uploads\/2025\/08\/p-10-300x140.jpg 300w, https:\/\/mrpool.cz\/wp-content\/uploads\/2025\/08\/p-10-1024x478.jpg 1024w, https:\/\/mrpool.cz\/wp-content\/uploads\/2025\/08\/p-10-768x359.jpg 768w, https:\/\/mrpool.cz\/wp-content\/uploads\/2025\/08\/p-10-1536x718.jpg 1536w, https:\/\/mrpool.cz\/wp-content\/uploads\/2025\/08\/p-10-2048x957.jpg 2048w\" sizes=\"(max-width: 300px) 100vw, 300px\">\n<\/div><div class=\"bde-column-2908-103-2975-2908-1 bde-column event-card__details bde-column-2908-103\">\n  \n  \n\t\n\n\n\n<div class=\"bde-div-2908-104-2975-2908-1 bde-div bde-div-2908-104\">\n  \n  \n\t\n\n\n\n<div class=\"bde-div-2908-105-2975-2908-1 bde-div bde-div-2908-105\">\n  \n  \n\t\n\n\n\n<h2 class=\"bde-heading-2908-114-2975-2908-1 bde-heading event-card__title bde-heading-2908-114\">\nPredv\u00e1dzacia akcia Mr.Jet Brno\n<\/h2><div class=\"bde-div-2908-115-2975-2908-1 bde-div bde-div-2908-115\">\n  \n  \n\t\n\n\n\n<div class=\"bde-icon-2908-116-2975-2908-1 bde-icon bde-icon-2908-116\">\n\n    \n            <div class=\"bde-icon-icon breakdance-icon-atom\" >\n    \n                    <svg xmlns=\"http:\/\/www.w3.org\/2000\/svg\" viewbox=\"0 0 320 512\"><!--! Font Awesome Free 6.5.1 by @fontawesome - https:\/\/fontawesome.com License - https:\/\/fontawesome.com\/license\/free (Icons: CC BY 4.0, Fonts: SIL OFL 1.1, Code: MIT License) Copyright 2023 Fonticons, Inc. --><path d=\"M16 144a144 144 0 1 1 288 0A144 144 0 1 1 16 144zM160 80c8.8 0 16-7.2 16-16s-7.2-16-16-16c-53 0-96 43-96 96c0 8.8 7.2 16 16 16s16-7.2 16-16c0-35.3 28.7-64 64-64zM128 480V317.1c10.4 1.9 21.1 2.9 32 2.9s21.6-1 32-2.9V480c0 17.7-14.3 32-32 32s-32-14.3-32-32z\"\/><\/svg>\n        \n        \n        \n            <\/div>\n    \n\n\n<\/div><div class=\"bde-text-2908-117-2975-2908-1 bde-text bde-text-2908-117\">\nGolf Resort Kask\u00e1da, Na Golfu, Kurim, \u010cesk\u00e1 republika\n<\/div>\n<\/div>\n<\/div><div class=\"bde-div-2908-118-2975-2908-1 bde-div bde-div-2908-118\">\n  \n  \n\t\n\n\n\n<div class=\"bde-button-2908-119-2975-2908-1 bde-button bde-button-2908-119\">\n        \n    \n    \n    \n    \n            \n            <button type=\"button\" class=\"button-atom button-atom--secondary bde-button__button\"  >\n    \n        <span class=\"button-atom__text\">Zobrazi\u0165 udalos\u0165<\/span>\n\n        \n        \n            <\/button>\n    \n\n\n<\/div><div class=\"bde-div-2908-127-2975-2908-1 bde-div bde-div-2908-127\">\n  \n  \n\t\n\n\n\n<h3 class=\"bde-heading-2908-128-2975-2908-1 bde-heading bde-heading-2908-128\">\nNa koho sa m\u00f4\u017eete te\u0161i\u0165\n<\/h3><div class=\"bde-div-2908-129-2975-2908-1 bde-div bde-div-2908-129\">\n  \n  \n\t\n\n\n\n\n<\/div>\n<\/div>\n<\/div>\n<\/div>\n<\/div><\/div>\n\n<\/a>    <\/article>\n    <article class=\"bde-loop-item ee-post\">\n        <a class=\"bde-container-link-2908-126-2905-2908-1 bde-container-link bde-container-link-2908-126 breakdance-link\" href=\"https:\/\/mrpool.cz\/sk\/udalost\/for-arch-2025-objevte-budoucnost-bazenove-a-zahradni-techniky-s-mr-pool\/\" target=\"_self\" data-type=\"url\">\n  \n  \n\t\n\n\n\n<div class=\"bde-columns-2908-100-2905-2908-1 bde-columns event-card bde-columns-2908-100\"><div class=\"bde-column-2908-101-2905-2908-1 bde-column event-card__media bde-column-2908-101\">\n  \n  \n\t\n\n\n\n<img decoding=\"async\" class=\"bde-image2-2908-102-2905-2908-1 bde-image2 bde-image2-2908-102\" src=\"https:\/\/mrpool.cz\/wp-content\/uploads\/2025\/08\/m2n1454-scaled-1-300x200.jpg\" alt=\"m2n1454 v mierke\" loading=\"lazy\" srcset=\"https:\/\/mrpool.cz\/wp-content\/uploads\/2025\/08\/m2n1454-scaled-1-300x200.jpg 300w, https:\/\/mrpool.cz\/wp-content\/uploads\/2025\/08\/m2n1454-scaled-1-1024x683.jpg 1024w, https:\/\/mrpool.cz\/wp-content\/uploads\/2025\/08\/m2n1454-scaled-1-768x512.jpg 768w, https:\/\/mrpool.cz\/wp-content\/uploads\/2025\/08\/m2n1454-scaled-1-1536x1025.jpg 1536w, https:\/\/mrpool.cz\/wp-content\/uploads\/2025\/08\/m2n1454-scaled-1-2048x1366.jpg 2048w\" sizes=\"(max-width: 300px) 100vw, 300px\">\n<\/div><div class=\"bde-column-2908-103-2905-2908-1 bde-column event-card__details bde-column-2908-103\">\n  \n  \n\t\n\n\n\n<div class=\"bde-div-2908-104-2905-2908-1 bde-div bde-div-2908-104\">\n  \n  \n\t\n\n\n\n<div class=\"bde-div-2908-105-2905-2908-1 bde-div bde-div-2908-105\">\n  \n  \n\t\n\n\n\n<h2 class=\"bde-heading-2908-114-2905-2908-1 bde-heading event-card__title bde-heading-2908-114\">\nFOR ARCH 2025 - Objavte bud\u00facnos\u0165 baz\u00e9novej technol\u00f3gie s Mr.Pool\n<\/h2><div class=\"bde-div-2908-115-2905-2908-1 bde-div bde-div-2908-115\">\n  \n  \n\t\n\n\n\n<div class=\"bde-icon-2908-116-2905-2908-1 bde-icon bde-icon-2908-116\">\n\n    \n            <div class=\"bde-icon-icon breakdance-icon-atom\" >\n    \n                    <svg xmlns=\"http:\/\/www.w3.org\/2000\/svg\" viewbox=\"0 0 320 512\"><!--! Font Awesome Free 6.5.1 by @fontawesome - https:\/\/fontawesome.com License - https:\/\/fontawesome.com\/license\/free (Icons: CC BY 4.0, Fonts: SIL OFL 1.1, Code: MIT License) Copyright 2023 Fonticons, Inc. --><path d=\"M16 144a144 144 0 1 1 288 0A144 144 0 1 1 16 144zM160 80c8.8 0 16-7.2 16-16s-7.2-16-16-16c-53 0-96 43-96 96c0 8.8 7.2 16 16 16s16-7.2 16-16c0-35.3 28.7-64 64-64zM128 480V317.1c10.4 1.9 21.1 2.9 32 2.9s21.6-1 32-2.9V480c0 17.7-14.3 32-32 32s-32-14.3-32-32z\"\/><\/svg>\n        \n        \n        \n            <\/div>\n    \n\n\n<\/div><div class=\"bde-text-2908-117-2905-2908-1 bde-text bde-text-2908-117\">\nPVA EXPO PRAHA, Beranov\u00fdch, Praha 9, \u010cesk\u00e1 republika\n<\/div>\n<\/div>\n<\/div><div class=\"bde-div-2908-118-2905-2908-1 bde-div bde-div-2908-118\">\n  \n  \n\t\n\n\n\n<div class=\"bde-button-2908-119-2905-2908-1 bde-button bde-button-2908-119\">\n        \n    \n    \n    \n    \n            \n            <button type=\"button\" class=\"button-atom button-atom--secondary bde-button__button\"  >\n    \n        <span class=\"button-atom__text\">Zobrazi\u0165 udalos\u0165<\/span>\n\n        \n        \n            <\/button>\n    \n\n\n<\/div><div class=\"bde-div-2908-127-2905-2908-1 bde-div bde-div-2908-127\">\n  \n  \n\t\n\n\n\n<h3 class=\"bde-heading-2908-128-2905-2908-1 bde-heading bde-heading-2908-128\">\nNa koho sa m\u00f4\u017eete te\u0161i\u0165\n<\/h3><div class=\"bde-div-2908-129-2905-2908-1 bde-div bde-div-2908-129\">\n  \n  \n\t\n\n\n\n\n<\/div>\n<\/div>\n<\/div>\n<\/div>\n<\/div><\/div>\n\n<\/a>    <\/article>\n<\/div>\r\n<\/div><\/div>\n<\/section>","protected":false},"excerpt":{"rendered":"<p>Ud\u00e1losti Start STAVEBN\u00cd VELETRH BRNO Nav\u0161tivte n\u00e1s! Hala V\/101 25.-28. 3. 2026 Veletrhy Brno, a. s., V\u00fdstavi\u0161t\u011b, Brno-st\u0159ed-Pis\u00e1rky, \u010cesko Zobrazit ud\u00e1lost Na koho se m\u016f\u017eete t\u011b\u0161it P\u0159edv\u00e1d\u011bc\u00ed akce Mr.Jet Pie\u0161\u0165any Hotel Park, N\u00e1bre\u017eie Ivana Krasku, Pie\u0161\u0165any, Slovensko Zobrazit ud\u00e1lost Na koho se m\u016f\u017eete t\u011b\u0161it P\u0159edv\u00e1d\u011bc\u00ed akce Mr.Jet Praha Zd\u011bbradsk\u00e1 56, 251 01 Dob\u0159ejovice-Ja\u017elovice, \u010cesko Zobrazit [&hellip;]<\/p>\n","protected":false},"author":1,"featured_media":0,"parent":0,"menu_order":0,"comment_status":"closed","ping_status":"closed","template":"","meta":{"_acf_changed":false,"_seopress_robots_primary_cat":"","_seopress_titles_title":"","_seopress_titles_desc":"","_seopress_robots_index":"yes","_breakdance_hide_in_design_set":false,"_breakdance_tags":"","footnotes":""},"class_list":["post-2820","page","type-page","status-publish","hentry"],"acf":[],"_links":{"self":[{"href":"https:\/\/mrpool.cz\/sk\/wp-json\/wp\/v2\/pages\/2820","targetHints":{"allow":["GET"]}}],"collection":[{"href":"https:\/\/mrpool.cz\/sk\/wp-json\/wp\/v2\/pages"}],"about":[{"href":"https:\/\/mrpool.cz\/sk\/wp-json\/wp\/v2\/types\/page"}],"author":[{"embeddable":true,"href":"https:\/\/mrpool.cz\/sk\/wp-json\/wp\/v2\/users\/1"}],"replies":[{"embeddable":true,"href":"https:\/\/mrpool.cz\/sk\/wp-json\/wp\/v2\/comments?post=2820"}],"version-history":[{"count":0,"href":"https:\/\/mrpool.cz\/sk\/wp-json\/wp\/v2\/pages\/2820\/revisions"}],"wp:attachment":[{"href":"https:\/\/mrpool.cz\/sk\/wp-json\/wp\/v2\/media?parent=2820"}],"curies":[{"name":"wp","href":"https:\/\/api.w.org\/{rel}","templated":true}]}}